{"id":4391142,"date":"2026-02-02T17:23:09","date_gmt":"2026-02-02T17:23:09","guid":{"rendered":"https:\/\/letempsduchat.fr\/?page_id=4391142"},"modified":"2026-02-14T14:48:47","modified_gmt":"2026-02-14T14:48:47","slug":"contact","status":"publish","type":"page","link":"https:\/\/letempsduchat.fr\/index.php\/contact\/","title":{"rendered":"Contact"},"content":{"rendered":"\n[et_pb_section fb_built=\u00a0\u00bb1&Prime; admin_label=\u00a0\u00bbHeader\u00a0\u00bb _builder_version=\u00a0\u00bb4.27.5&Prime; _module_preset=\u00a0\u00bbdefault\u00a0\u00bb background_color=\u00a0\u00bb#000000&Prime; use_background_color_gradient=\u00a0\u00bbon\u00a0\u00bb background_color_gradient_stops=\u00a0\u00bbrgba(0,0,0,0.73) 0%|rgba(10,0,0,0.55) 100%\u00a0\u00bb background_color_gradient_overlays_image=\u00a0\u00bbon\u00a0\u00bb background_image=\u00a0\u00bbhttp:\/\/letempsduchat.fr\/wp-content\/uploads\/2026\/01\/20201201_195304_c413a5f8-120b-4924-b18b-bb0df3c1f349.jpg\u00a0\u00bb background_position=\u00a0\u00bbbottom_center\u00a0\u00bb background_vertical_offset=\u00a0\u00bb69%\u00a0\u00bb overflow-x=\u00a0\u00bbhidden\u00a0\u00bb overflow-y=\u00a0\u00bbhidden\u00a0\u00bb global_colors_info=\u00a0\u00bb{}\u00a0\u00bb][et_pb_row _builder_version=\u00a0\u00bb4.16&Prime; _module_preset=\u00a0\u00bbdefault\u00a0\u00bb global_colors_info=\u00a0\u00bb{}\u00a0\u00bb][et_pb_column type=\u00a0\u00bb4_4&Prime; _builder_version=\u00a0\u00bb4.16&Prime; _module_preset=\u00a0\u00bbdefault\u00a0\u00bb custom_padding=\u00a0\u00bb10vw||10vw||true|false\u00a0\u00bb global_colors_info=\u00a0\u00bb{}\u00a0\u00bb][et_pb_text _builder_version=\u00a0\u00bb4.27.5&Prime; _module_preset=\u00a0\u00bbdefault\u00a0\u00bb header_font=\u00a0\u00bbPatua One||||||||\u00a0\u00bb header_text_color=\u00a0\u00bb#FFFFFF\u00a0\u00bb header_font_size=\u00a0\u00bb80px\u00a0\u00bb header_line_height=\u00a0\u00bb1.2em\u00a0\u00bb text_orientation=\u00a0\u00bbcenter\u00a0\u00bb hover_enabled=\u00a0\u00bb0&Prime; header_font_size_tablet=\u00a0\u00bb48px\u00a0\u00bb header_font_size_phone=\u00a0\u00bb32px\u00a0\u00bb header_font_size_last_edited=\u00a0\u00bbon|phone\u00a0\u00bb locked=\u00a0\u00bboff\u00a0\u00bb global_colors_info=\u00a0\u00bb{}\u00a0\u00bb sticky_enabled=\u00a0\u00bb0&Prime;]<h1>Contact<\/h1>[\/et_pb_text][\/et_pb_column][\/et_pb_row][\/et_pb_section][et_pb_section fb_built=\u00a0\u00bb1&Prime; _builder_version=\u00a0\u00bb4.27.5&Prime; _module_preset=\u00a0\u00bbdefault\u00a0\u00bb global_colors_info=\u00a0\u00bb{}\u00a0\u00bb][et_pb_row column_structure=\u00a0\u00bb1_2,1_2&Prime; _builder_version=\u00a0\u00bb4.27.5&Prime; _module_preset=\u00a0\u00bbdefault\u00a0\u00bb global_colors_info=\u00a0\u00bb{}\u00a0\u00bb][et_pb_column type=\u00a0\u00bb1_2&Prime; _builder_version=\u00a0\u00bb4.27.5&Prime; _module_preset=\u00a0\u00bbdefault\u00a0\u00bb global_colors_info=\u00a0\u00bb{}\u00a0\u00bb][et_pb_text _builder_version=\u00a0\u00bb4.27.5&Prime; _module_preset=\u00a0\u00bbdefault\u00a0\u00bb global_colors_info=\u00a0\u00bb{}\u00a0\u00bb]<p class=\"font_8 wixui-rich-text__text\"><span class=\"wixui-rich-text__text\">Avant toute demande de rdv, je vous invite \u00e0 bien prendre connaissance, sur le site, des informations concernant la prestation qui vous int\u00e9resse.\u00a0<\/span><\/p>\n<p class=\"font_8 wixui-rich-text__text\"><span class=\"wixui-rich-text__text\">Sarah Dekkar-Rampon<\/span><\/p>\n<p class=\"font_8 wixui-rich-text__text\"><span class=\"wixui-rich-text__text\">56870 BADEN<\/span><\/p>\n<p class=\"font_8 wixui-rich-text__text\"><span class=\"wixui-rich-text__text\"><span class=\"wixGuard wixui-rich-text__text\">\u200b<\/span><\/span><span class=\"wixui-rich-text__text\">06 23 99 48 30<\/span><\/p>\n<p class=\"font_8 wixui-rich-text__text\"><span class=\"wixui-rich-text__text\"><a data-auto-recognition=\"true\" href=\"mailto:sarahchok@hotmail.fr\" class=\"wixui-rich-text__text\">sarahchok@hotmail.fr<\/a><\/span><\/p>[\/et_pb_text][et_pb_social_media_follow _builder_version=\u00a0\u00bb4.27.5&Prime; _module_preset=\u00a0\u00bbdefault\u00a0\u00bb global_colors_info=\u00a0\u00bb{}\u00a0\u00bb][et_pb_social_media_follow_network social_network=\u00a0\u00bbfacebook\u00a0\u00bb url=\u00a0\u00bbhttps:\/\/www.facebook.com\/profile.php?id=61583954323005&Prime; _builder_version=\u00a0\u00bb4.27.5&Prime; _module_preset=\u00a0\u00bbdefault\u00a0\u00bb background_color=\u00a0\u00bb#3b5998&Prime; global_colors_info=\u00a0\u00bb{}\u00a0\u00bb follow_button=\u00a0\u00bboff\u00a0\u00bb url_new_window=\u00a0\u00bbon\u00a0\u00bb]facebook[\/et_pb_social_media_follow_network][et_pb_social_media_follow_network social_network=\u00a0\u00bbinstagram\u00a0\u00bb url=\u00a0\u00bbhttps:\/\/www.instagram.com\/sarahgardechat\/?hl=fr\u00a0\u00bb _builder_version=\u00a0\u00bb4.27.5&Prime; _module_preset=\u00a0\u00bbdefault\u00a0\u00bb background_color=\u00a0\u00bb#ea2c59&Prime; global_colors_info=\u00a0\u00bb{}\u00a0\u00bb follow_button=\u00a0\u00bboff\u00a0\u00bb url_new_window=\u00a0\u00bbon\u00a0\u00bb]instagram[\/et_pb_social_media_follow_network][\/et_pb_social_media_follow][\/et_pb_column][et_pb_column type=\u00a0\u00bb1_2&Prime; _builder_version=\u00a0\u00bb4.27.5&Prime; _module_preset=\u00a0\u00bbdefault\u00a0\u00bb global_colors_info=\u00a0\u00bb{}\u00a0\u00bb][et_pb_code _builder_version=\u00a0\u00bb4.27.5&Prime; _module_preset=\u00a0\u00bbdefault\u00a0\u00bb global_colors_info=\u00a0\u00bb{}\u00a0\u00bb]<div class=\"frm_forms  with_frm_style frm_style_formidable-style\" id=\"frm_form_3_container\" data-token=\"1290153cf5cbab3c59448cd324427903\">\n<form enctype=\"multipart\/form-data\" method=\"post\" class=\"frm-show-form \" id=\"form_contact2\" data-token=\"1290153cf5cbab3c59448cd324427903\">\n<div class=\"frm_form_fields \">\n<fieldset>\n<legend class=\"frm_screen_reader\">Contact<\/legend>\r\n\r\n<div class=\"frm_fields_container\">\n<input type=\"hidden\" name=\"frm_action\" value=\"create\" \/>\n<input type=\"hidden\" name=\"form_id\" value=\"3\" \/>\n<input type=\"hidden\" name=\"frm_hide_fields_3\" id=\"frm_hide_fields_3\" value=\"\" \/>\n<input type=\"hidden\" name=\"form_key\" value=\"contact2\" \/>\n<input type=\"hidden\" name=\"item_meta[0]\" value=\"\" \/>\n<input type=\"hidden\" id=\"frm_submit_entry_3\" name=\"frm_submit_entry_3\" value=\"9436be8f7f\" \/><input type=\"hidden\" name=\"_wp_http_referer\" value=\"\/index.php\/wp-json\/wp\/v2\/pages\/4391142\" \/><div id=\"frm_field_15_container\" class=\"frm_form_field form-field  frm_top_container frm12 frm_first\">\r\n\t<label for=\"field_rvypd2\" id=\"field_rvypd2_label\" class=\"frm_primary_label\">Nom et pr\u00e9nom\r\n\t\t<span class=\"frm_required\" aria-hidden=\"true\"><\/span>\r\n\t<\/label>\r\n\t<input type=\"text\" id=\"field_rvypd2\" name=\"item_meta[15]\" value=\"\"  data-invmsg=\"Nom et pr\u00e9nom is invalid\" aria-invalid=\"false\"  \/>\r\n\t\r\n\t\r\n<\/div>\n<div id=\"frm_field_16_container\" class=\"frm_form_field form-field  frm_required_field frm_top_container frm6 frm_first\">\r\n\t<label for=\"field_34gx12\" id=\"field_34gx12_label\" class=\"frm_primary_label\">T\u00e9l\u00e9phone\r\n\t\t<span class=\"frm_required\" aria-hidden=\"true\">*<\/span>\r\n\t<\/label>\r\n\t<input type=\"text\" id=\"field_34gx12\" name=\"item_meta[16]\" value=\"\"  data-reqmsg=\"T\u00e9l\u00e9phone cannot be blank.\" aria-required=\"true\" data-invmsg=\"T\u00e9l\u00e9phone is invalid\" aria-invalid=\"false\"  \/>\r\n\t\r\n\t\r\n<\/div>\n<div id=\"frm_field_17_container\" class=\"frm_form_field form-field  frm_required_field frm_top_container frm6\">\r\n\t<label for=\"field_wjln82\" id=\"field_wjln82_label\" class=\"frm_primary_label\">Email\r\n\t\t<span class=\"frm_required\" aria-hidden=\"true\">*<\/span>\r\n\t<\/label>\r\n\t<input type=\"email\" id=\"field_wjln82\" name=\"item_meta[17]\" value=\"\"  data-reqmsg=\"Email cannot be blank.\" aria-required=\"true\" data-invmsg=\"Email is invalid\" aria-invalid=\"false\"  \/>\r\n\t\r\n\t\r\n<\/div>\n<div id=\"frm_field_18_container\" class=\"frm_form_field form-field  frm_required_field frm_top_container frm6 frm_first\">\r\n\t<label for=\"field_aqym62\" id=\"field_aqym62_label\" class=\"frm_primary_label\">Nom de votre animal\r\n\t\t<span class=\"frm_required\" aria-hidden=\"true\">*<\/span>\r\n\t<\/label>\r\n\t<input type=\"text\" id=\"field_aqym62\" name=\"item_meta[18]\" value=\"\"  data-reqmsg=\"Nom de votre animal cannot be blank.\" aria-required=\"true\" data-invmsg=\"Nom de votre animal is invalid\" aria-invalid=\"false\"  \/>\r\n\t\r\n\t\r\n<\/div>\n<div id=\"frm_field_19_container\" class=\"frm_form_field form-field  frm_required_field frm_top_container frm6\">\r\n\t<label for=\"field_4hh2s2\" id=\"field_4hh2s2_label\" class=\"frm_primary_label\">Esp\u00e8ce\r\n\t\t<span class=\"frm_required\" aria-hidden=\"true\">*<\/span>\r\n\t<\/label>\r\n\t\t\t<select name=\"item_meta[19]\" id=\"field_4hh2s2\"  data-reqmsg=\"Esp\u00e8ce cannot be blank.\" aria-required=\"true\" data-invmsg=\"Esp\u00e8ce is invalid\" aria-invalid=\"false\"  >\n\t\t<option  value=\"Chien\">Chien<\/option><option  value=\"Chat\">Chat<\/option><option  value=\"Autre\">Autre<\/option>\t<\/select>\n\t\r\n\t\r\n\t\r\n<\/div>\n<div id=\"frm_field_20_container\" class=\"frm_form_field form-field  frm_required_field frm_top_container\">\r\n\t<label for=\"field_7egly2\" id=\"field_7egly2_label\" class=\"frm_primary_label\">Votre message\r\n\t\t<span class=\"frm_required\" aria-hidden=\"true\">*<\/span>\r\n\t<\/label>\r\n\t<textarea name=\"item_meta[20]\" id=\"field_7egly2\" rows=\"5\"  data-reqmsg=\"Votre message cannot be blank.\" aria-required=\"true\" data-invmsg=\"Votre message est non valide\" aria-invalid=\"false\"  ><\/textarea>\r\n\t\r\n\t\r\n<\/div>\n<div id=\"frm_field_21_container\" class=\"frm_form_field form-field \">\r\n\t<div class=\"frm_submit frm_flex\">\r\n<button class=\"frm_button_submit\" type=\"submit\"  >Envoyer<\/button>\r\n\r\n\r\n\r\n<\/div>\r\n<\/div>\n\t<input type=\"hidden\" name=\"item_key\" value=\"\" \/>\n\t\t\t<div id=\"frm_field_28_container\">\n\t\t\t<label for=\"field_ukb4t\" >\n\t\t\t\tSi vous \u00eates un humain, ne remplissez pas ce champ.\t\t\t<\/label>\n\t\t\t<input  id=\"field_ukb4t\" type=\"text\" class=\"frm_form_field form-field frm_verify\" name=\"item_meta[28]\" value=\"\"  \/>\n\t\t<\/div>\n\t\t<input name=\"frm_state\" type=\"hidden\" value=\"U\/lUhV3VQYWnfBnxZ9UdGzxyyiyc5fmgdeMw\/BOX7dA=\" \/><\/div>\n<\/fieldset>\n<\/div>\n\n<\/form>\n<\/div>\n[\/et_pb_code][\/et_pb_column][\/et_pb_row][\/et_pb_section]\n","protected":false},"excerpt":{"rendered":"<p>ContactAvant toute demande de rdv, je vous invite \u00e0 bien prendre connaissance, sur le site, des informations concernant la prestation qui vous int\u00e9resse.\u00a0 Sarah Dekkar-Rampon 56870 BADEN \u200b06 23 99 48 30 sarahchok@hotmail.fr<div class=\"frm_forms  with_frm_style frm_style_formidable-style\" id=\"frm_form_3_container\" data-token=\"1290153cf5cbab3c59448cd324427903\" data-token=\"1290153cf5cbab3c59448cd324427903\">\n<form enctype=\"multipart\/form-data\" method=\"post\" class=\"frm-show-form \" id=\"form_contact2\" data-token=\"1290153cf5cbab3c59448cd324427903\" data-token=\"1290153cf5cbab3c59448cd324427903\">\n<div class=\"frm_form_fields \">\n<fieldset>\n<legend class=\"frm_screen_reader\">Contact<\/legend>\r\n\r\n<div class=\"frm_fields_container\">\n<input type=\"hidden\" name=\"frm_action\" value=\"create\" \/>\n<input type=\"hidden\" name=\"form_id\" value=\"3\" \/>\n<input type=\"hidden\" name=\"frm_hide_fields_3\" id=\"frm_hide_fields_3\" value=\"\" \/>\n<input type=\"hidden\" name=\"form_key\" value=\"contact2\" \/>\n<input type=\"hidden\" name=\"item_meta[0]\" value=\"\" \/>\n<input type=\"hidden\" id=\"frm_submit_entry_3\" name=\"frm_submit_entry_3\" value=\"9436be8f7f\" \/><input type=\"hidden\" name=\"_wp_http_referer\" value=\"\/index.php\/wp-json\/wp\/v2\/pages\/4391142\" \/><div id=\"frm_field_15_container\" class=\"frm_form_field form-field  frm_top_container frm12 frm_first\">\r\n\t<label for=\"field_rvypd2\" id=\"field_rvypd2_label\" class=\"frm_primary_label\">Nom et pr\u00e9nom\r\n\t\t<span class=\"frm_required\" aria-hidden=\"true\"><\/span>\r\n\t<\/label>\r\n\t<input type=\"text\" id=\"field_rvypd2\" name=\"item_meta[15]\" value=\"\"  data-invmsg=\"Nom et pr\u00e9nom is invalid\" aria-invalid=\"false\"  \/>\r\n\t\r\n\t\r\n<\/div>\n<div id=\"frm_field_16_container\" class=\"frm_form_field form-field  frm_required_field frm_top_container frm6 frm_first\">\r\n\t<label for=\"field_34gx12\" id=\"field_34gx12_label\" class=\"frm_primary_label\">T\u00e9l\u00e9phone\r\n\t\t<span class=\"frm_required\" aria-hidden=\"true\">*<\/span>\r\n\t<\/label>\r\n\t<input type=\"text\" id=\"field_34gx12\" name=\"item_meta[16]\" value=\"\"  data-reqmsg=\"T\u00e9l\u00e9phone cannot be blank.\" aria-required=\"true\" data-invmsg=\"T\u00e9l\u00e9phone is invalid\" aria-invalid=\"false\"  \/>\r\n\t\r\n\t\r\n<\/div>\n<div id=\"frm_field_17_container\" class=\"frm_form_field form-field  frm_required_field frm_top_container frm6\">\r\n\t<label for=\"field_wjln82\" id=\"field_wjln82_label\" class=\"frm_primary_label\">Email\r\n\t\t<span class=\"frm_required\" aria-hidden=\"true\">*<\/span>\r\n\t<\/label>\r\n\t<input type=\"email\" id=\"field_wjln82\" name=\"item_meta[17]\" value=\"\"  data-reqmsg=\"Email cannot be blank.\" aria-required=\"true\" data-invmsg=\"Email is invalid\" aria-invalid=\"false\"  \/>\r\n\t\r\n\t\r\n<\/div>\n<div id=\"frm_field_18_container\" class=\"frm_form_field form-field  frm_required_field frm_top_container frm6 frm_first\">\r\n\t<label for=\"field_aqym62\" id=\"field_aqym62_label\" class=\"frm_primary_label\">Nom de votre animal\r\n\t\t<span class=\"frm_required\" aria-hidden=\"true\">*<\/span>\r\n\t<\/label>\r\n\t<input type=\"text\" id=\"field_aqym62\" name=\"item_meta[18]\" value=\"\"  data-reqmsg=\"Nom de votre animal cannot be blank.\" aria-required=\"true\" data-invmsg=\"Nom de votre animal is invalid\" aria-invalid=\"false\"  \/>\r\n\t\r\n\t\r\n<\/div>\n<div id=\"frm_field_19_container\" class=\"frm_form_field form-field  frm_required_field frm_top_container frm6\">\r\n\t<label for=\"field_4hh2s2\" id=\"field_4hh2s2_label\" class=\"frm_primary_label\">Esp\u00e8ce\r\n\t\t<span class=\"frm_required\" aria-hidden=\"true\">*<\/span>\r\n\t<\/label>\r\n\t\t\t<select name=\"item_meta[19]\" id=\"field_4hh2s2\"  data-reqmsg=\"Esp\u00e8ce cannot be blank.\" aria-required=\"true\" data-invmsg=\"Esp\u00e8ce is invalid\" aria-invalid=\"false\"  >\n\t\t<option  value=\"Chien\">Chien<\/option><option  value=\"Chat\">Chat<\/option><option  value=\"Autre\">Autre<\/option>\t<\/select>\n\t\r\n\t\r\n\t\r\n<\/div>\n<div id=\"frm_field_20_container\" class=\"frm_form_field form-field  frm_required_field frm_top_container\">\r\n\t<label for=\"field_7egly2\" id=\"field_7egly2_label\" class=\"frm_primary_label\">Votre message\r\n\t\t<span class=\"frm_required\" aria-hidden=\"true\">*<\/span>\r\n\t<\/label>\r\n\t<textarea name=\"item_meta[20]\" id=\"field_7egly2\" rows=\"5\"  data-reqmsg=\"Votre message cannot be blank.\" aria-required=\"true\" data-invmsg=\"Votre message est non valide\" aria-invalid=\"false\"  ><\/textarea>\r\n\t\r\n\t\r\n<\/div>\n<div id=\"frm_field_21_container\" class=\"frm_form_field form-field \">\r\n\t<div class=\"frm_submit frm_flex\">\r\n<button class=\"frm_button_submit\" type=\"submit\"  >Envoyer<\/button>\r\n\r\n\r\n\r\n<\/div>\r\n<\/div>\n\t<input type=\"hidden\" name=\"item_key\" value=\"\" \/>\n\t\t\t<div id=\"frm_field_29_container\">\n\t\t\t<label for=\"field_o6nmj\" >\n\t\t\t\tSi vous \u00eates un humain, ne remplissez pas ce champ.\t\t\t<\/label>\n\t\t\t<input  id=\"field_o6nmj\" type=\"text\" class=\"frm_form_field form-field frm_verify\" name=\"item_meta[29]\" value=\"\"  \/>\n\t\t<\/div>\n\t\t<input name=\"frm_state\" type=\"hidden\" value=\"U\/lUhV3VQYWnfBnxZ9UdG39yeZEABxWmxWchP22Ghn0=\" \/><\/div>\n<\/fieldset>\n<\/div>\n\n<\/form>\n<\/div>\n<\/p>\n","protected":false},"author":1,"featured_media":0,"parent":0,"menu_order":0,"comment_status":"closed","ping_status":"closed","template":"","meta":{"_et_pb_use_builder":"on","_et_pb_old_content":"","_et_gb_content_width":"","footnotes":""},"class_list":["post-4391142","page","type-page","status-publish","hentry"],"yoast_head":"<!-- This site is optimized with the Yoast SEO plugin v26.9 - https:\/\/yoast.com\/product\/yoast-seo-wordpress\/ -->\n<title>Contact petsitter \u00e0 Baden \u2013 Le Temps du Chat<\/title>\n<meta name=\"description\" content=\"Contactez votre petsitter \u00e0 Baden pour la garde d\u2019animaux, le comportementalisme ou les soins \u00e9nerg\u00e9tiques. R\u00e9ponse rapide et accompagnement personnalis\u00e9.\" \/>\n<meta name=\"robots\" content=\"index, follow, max-snippet:-1, max-image-preview:large, max-video-preview:-1\" \/>\n<link rel=\"canonical\" href=\"https:\/\/letempsduchat.fr\/index.php\/contact\/\" \/>\n<meta property=\"og:locale\" content=\"fr_FR\" \/>\n<meta property=\"og:type\" content=\"article\" \/>\n<meta property=\"og:title\" content=\"Contact petsitter \u00e0 Baden \u2013 Le Temps du Chat\" \/>\n<meta property=\"og:description\" content=\"Contactez votre petsitter \u00e0 Baden pour la garde d\u2019animaux, le comportementalisme ou les soins \u00e9nerg\u00e9tiques. R\u00e9ponse rapide et accompagnement personnalis\u00e9.\" \/>\n<meta property=\"og:url\" content=\"https:\/\/letempsduchat.fr\/index.php\/contact\/\" \/>\n<meta property=\"og:site_name\" content=\"Le Temps du Chat - Petsitter \u00e0 Baden - Morbihan 56\" \/>\n<meta property=\"article:modified_time\" content=\"2026-02-14T14:48:47+00:00\" \/>\n<meta property=\"og:image\" content=\"https:\/\/letempsduchat.fr\/wp-content\/uploads\/2025\/12\/Le-temps-du-chat.png\" \/>\n\t<meta property=\"og:image:width\" content=\"1080\" \/>\n\t<meta property=\"og:image:height\" content=\"1080\" \/>\n\t<meta property=\"og:image:type\" content=\"image\/png\" \/>\n<meta name=\"twitter:card\" content=\"summary_large_image\" \/>\n<meta name=\"twitter:label1\" content=\"Dur\u00e9e de lecture estim\u00e9e\" \/>\n\t<meta name=\"twitter:data1\" content=\"1 minute\" \/>\n<script type=\"application\/ld+json\" class=\"yoast-schema-graph\">{\"@context\":\"https:\/\/schema.org\",\"@graph\":[{\"@type\":\"WebPage\",\"@id\":\"https:\/\/letempsduchat.fr\/index.php\/contact\/\",\"url\":\"https:\/\/letempsduchat.fr\/index.php\/contact\/\",\"name\":\"Contact petsitter \u00e0 Baden \u2013 Le Temps du Chat\",\"isPartOf\":{\"@id\":\"https:\/\/letempsduchat.fr\/#website\"},\"datePublished\":\"2026-02-02T17:23:09+00:00\",\"dateModified\":\"2026-02-14T14:48:47+00:00\",\"description\":\"Contactez votre petsitter \u00e0 Baden pour la garde d\u2019animaux, le comportementalisme ou les soins \u00e9nerg\u00e9tiques. R\u00e9ponse rapide et accompagnement personnalis\u00e9.\",\"breadcrumb\":{\"@id\":\"https:\/\/letempsduchat.fr\/index.php\/contact\/#breadcrumb\"},\"inLanguage\":\"fr-FR\",\"potentialAction\":[{\"@type\":\"ReadAction\",\"target\":[\"https:\/\/letempsduchat.fr\/index.php\/contact\/\"]}]},{\"@type\":\"BreadcrumbList\",\"@id\":\"https:\/\/letempsduchat.fr\/index.php\/contact\/#breadcrumb\",\"itemListElement\":[{\"@type\":\"ListItem\",\"position\":1,\"name\":\"Home\",\"item\":\"https:\/\/letempsduchat.fr\/\"},{\"@type\":\"ListItem\",\"position\":2,\"name\":\"Contact\"}]},{\"@type\":\"WebSite\",\"@id\":\"https:\/\/letempsduchat.fr\/#website\",\"url\":\"https:\/\/letempsduchat.fr\/\",\"name\":\"Le temps du chat - garde chat morbihan\",\"description\":\"\",\"alternateName\":\"garde chat 56\",\"potentialAction\":[{\"@type\":\"SearchAction\",\"target\":{\"@type\":\"EntryPoint\",\"urlTemplate\":\"https:\/\/letempsduchat.fr\/?s={search_term_string}\"},\"query-input\":{\"@type\":\"PropertyValueSpecification\",\"valueRequired\":true,\"valueName\":\"search_term_string\"}}],\"inLanguage\":\"fr-FR\"}]}<\/script>\n<!-- \/ Yoast SEO plugin. -->","yoast_head_json":{"title":"Contact petsitter \u00e0 Baden \u2013 Le Temps du Chat","description":"Contactez votre petsitter \u00e0 Baden pour la garde d\u2019animaux, le comportementalisme ou les soins \u00e9nerg\u00e9tiques. R\u00e9ponse rapide et accompagnement personnalis\u00e9.","robots":{"index":"index","follow":"follow","max-snippet":"max-snippet:-1","max-image-preview":"max-image-preview:large","max-video-preview":"max-video-preview:-1"},"canonical":"https:\/\/letempsduchat.fr\/index.php\/contact\/","og_locale":"fr_FR","og_type":"article","og_title":"Contact petsitter \u00e0 Baden \u2013 Le Temps du Chat","og_description":"Contactez votre petsitter \u00e0 Baden pour la garde d\u2019animaux, le comportementalisme ou les soins \u00e9nerg\u00e9tiques. R\u00e9ponse rapide et accompagnement personnalis\u00e9.","og_url":"https:\/\/letempsduchat.fr\/index.php\/contact\/","og_site_name":"Le Temps du Chat - Petsitter \u00e0 Baden - Morbihan 56","article_modified_time":"2026-02-14T14:48:47+00:00","og_image":[{"width":1080,"height":1080,"url":"https:\/\/letempsduchat.fr\/wp-content\/uploads\/2025\/12\/Le-temps-du-chat.png","type":"image\/png"}],"twitter_card":"summary_large_image","twitter_misc":{"Dur\u00e9e de lecture estim\u00e9e":"1 minute"},"schema":{"@context":"https:\/\/schema.org","@graph":[{"@type":"WebPage","@id":"https:\/\/letempsduchat.fr\/index.php\/contact\/","url":"https:\/\/letempsduchat.fr\/index.php\/contact\/","name":"Contact petsitter \u00e0 Baden \u2013 Le Temps du Chat","isPartOf":{"@id":"https:\/\/letempsduchat.fr\/#website"},"datePublished":"2026-02-02T17:23:09+00:00","dateModified":"2026-02-14T14:48:47+00:00","description":"Contactez votre petsitter \u00e0 Baden pour la garde d\u2019animaux, le comportementalisme ou les soins \u00e9nerg\u00e9tiques. R\u00e9ponse rapide et accompagnement personnalis\u00e9.","breadcrumb":{"@id":"https:\/\/letempsduchat.fr\/index.php\/contact\/#breadcrumb"},"inLanguage":"fr-FR","potentialAction":[{"@type":"ReadAction","target":["https:\/\/letempsduchat.fr\/index.php\/contact\/"]}]},{"@type":"BreadcrumbList","@id":"https:\/\/letempsduchat.fr\/index.php\/contact\/#breadcrumb","itemListElement":[{"@type":"ListItem","position":1,"name":"Home","item":"https:\/\/letempsduchat.fr\/"},{"@type":"ListItem","position":2,"name":"Contact"}]},{"@type":"WebSite","@id":"https:\/\/letempsduchat.fr\/#website","url":"https:\/\/letempsduchat.fr\/","name":"Le temps du chat - garde chat morbihan","description":"","alternateName":"garde chat 56","potentialAction":[{"@type":"SearchAction","target":{"@type":"EntryPoint","urlTemplate":"https:\/\/letempsduchat.fr\/?s={search_term_string}"},"query-input":{"@type":"PropertyValueSpecification","valueRequired":true,"valueName":"search_term_string"}}],"inLanguage":"fr-FR"}]}},"_links":{"self":[{"href":"https:\/\/letempsduchat.fr\/index.php\/wp-json\/wp\/v2\/pages\/4391142","targetHints":{"allow":["GET"]}}],"collection":[{"href":"https:\/\/letempsduchat.fr\/index.php\/wp-json\/wp\/v2\/pages"}],"about":[{"href":"https:\/\/letempsduchat.fr\/index.php\/wp-json\/wp\/v2\/types\/page"}],"author":[{"embeddable":true,"href":"https:\/\/letempsduchat.fr\/index.php\/wp-json\/wp\/v2\/users\/1"}],"replies":[{"embeddable":true,"href":"https:\/\/letempsduchat.fr\/index.php\/wp-json\/wp\/v2\/comments?post=4391142"}],"version-history":[{"count":5,"href":"https:\/\/letempsduchat.fr\/index.php\/wp-json\/wp\/v2\/pages\/4391142\/revisions"}],"predecessor-version":[{"id":4391176,"href":"https:\/\/letempsduchat.fr\/index.php\/wp-json\/wp\/v2\/pages\/4391142\/revisions\/4391176"}],"wp:attachment":[{"href":"https:\/\/letempsduchat.fr\/index.php\/wp-json\/wp\/v2\/media?parent=4391142"}],"curies":[{"name":"wp","href":"https:\/\/api.w.org\/{rel}","templated":true}]}}