{"id":4391111,"date":"2026-01-14T08:17:18","date_gmt":"2026-01-14T08:17:18","guid":{"rendered":"https:\/\/letempsduchat.fr\/?page_id=4391111"},"modified":"2026-01-14T08:17:26","modified_gmt":"2026-01-14T08:17:26","slug":"mentions-legales","status":"publish","type":"page","link":"https:\/\/letempsduchat.fr\/index.php\/mentions-legales\/","title":{"rendered":"mentions l\u00e9gales"},"content":{"rendered":"<p>[et_pb_section fb_built=\u00a0\u00bb1&Prime; admin_label=\u00a0\u00bbHeader\u00a0\u00bb _builder_version=\u00a0\u00bb4.27.5&Prime; _module_preset=\u00a0\u00bbdefault\u00a0\u00bb background_color=\u00a0\u00bb#000000&Prime; use_background_color_gradient=\u00a0\u00bbon\u00a0\u00bb background_color_gradient_stops=\u00a0\u00bbrgba(0,0,0,0.73) 0%|rgba(10,0,0,0.55) 100%\u00a0\u00bb background_color_gradient_overlays_image=\u00a0\u00bbon\u00a0\u00bb background_image=\u00a0\u00bbhttp:\/\/letempsduchat.fr\/wp-content\/uploads\/2026\/01\/20221204_155932-scaled.jpg\u00a0\u00bb background_position=\u00a0\u00bbtop_center\u00a0\u00bb background_vertical_offset=\u00a0\u00bb25%\u00a0\u00bb overflow-x=\u00a0\u00bbhidden\u00a0\u00bb overflow-y=\u00a0\u00bbhidden\u00a0\u00bb global_colors_info=\u00a0\u00bb{}\u00a0\u00bb theme_builder_area=\u00a0\u00bbpost_content\u00a0\u00bb][et_pb_row _builder_version=\u00a0\u00bb4.16&Prime; _module_preset=\u00a0\u00bbdefault\u00a0\u00bb global_colors_info=\u00a0\u00bb{}\u00a0\u00bb theme_builder_area=\u00a0\u00bbpost_content\u00a0\u00bb][et_pb_column type=\u00a0\u00bb4_4&Prime; _builder_version=\u00a0\u00bb4.16&Prime; _module_preset=\u00a0\u00bbdefault\u00a0\u00bb custom_padding=\u00a0\u00bb10vw||10vw||true|false\u00a0\u00bb global_colors_info=\u00a0\u00bb{}\u00a0\u00bb theme_builder_area=\u00a0\u00bbpost_content\u00a0\u00bb][et_pb_text _builder_version=\u00a0\u00bb4.27.5&Prime; _module_preset=\u00a0\u00bbdefault\u00a0\u00bb header_font=\u00a0\u00bbPatua One||||||||\u00a0\u00bb header_text_color=\u00a0\u00bb#FFFFFF\u00a0\u00bb header_font_size=\u00a0\u00bb80px\u00a0\u00bb header_line_height=\u00a0\u00bb1.2em\u00a0\u00bb text_orientation=\u00a0\u00bbcenter\u00a0\u00bb hover_enabled=\u00a0\u00bb0&Prime; header_font_size_tablet=\u00a0\u00bb48px\u00a0\u00bb header_font_size_phone=\u00a0\u00bb32px\u00a0\u00bb header_font_size_last_edited=\u00a0\u00bbon|phone\u00a0\u00bb locked=\u00a0\u00bboff\u00a0\u00bb global_colors_info=\u00a0\u00bb{}\u00a0\u00bb theme_builder_area=\u00a0\u00bbpost_content\u00a0\u00bb sticky_enabled=\u00a0\u00bb0&Prime;]<\/p>\n<h1>mentions l\u00e9gales<\/h1>\n<p>[\/et_pb_text][\/et_pb_column][\/et_pb_row][\/et_pb_section][et_pb_section fb_built=\u00a0\u00bb1&Prime; admin_label=\u00a0\u00bbServices\u00a0\u00bb _builder_version=\u00a0\u00bb4.16&Prime; _module_preset=\u00a0\u00bbdefault\u00a0\u00bb background_enable_color=\u00a0\u00bboff\u00a0\u00bb custom_padding=\u00a0\u00bb||0px|||\u00a0\u00bb locked=\u00a0\u00bboff\u00a0\u00bb global_colors_info=\u00a0\u00bb{}\u00a0\u00bb theme_builder_area=\u00a0\u00bbpost_content\u00a0\u00bb][et_pb_row _builder_version=\u00a0\u00bb4.16&Prime; _module_preset=\u00a0\u00bbdefault\u00a0\u00bb global_colors_info=\u00a0\u00bb{}\u00a0\u00bb theme_builder_area=\u00a0\u00bbpost_content\u00a0\u00bb][et_pb_column type=\u00a0\u00bb4_4&Prime; _builder_version=\u00a0\u00bb4.16&Prime; _module_preset=\u00a0\u00bbdefault\u00a0\u00bb global_colors_info=\u00a0\u00bb{}\u00a0\u00bb theme_builder_area=\u00a0\u00bbpost_content\u00a0\u00bb][et_pb_text _builder_version=\u00a0\u00bb4.27.5&Prime; _module_preset=\u00a0\u00bbdefault\u00a0\u00bb text_font=\u00a0\u00bb&#8211;et_global_body_font||||||||\u00a0\u00bb header_font=\u00a0\u00bbPatua One|700|||||||\u00a0\u00bb header_text_color=\u00a0\u00bbrgba(229,0,118,0.24)\u00a0\u00bb header_line_height=\u00a0\u00bb1.2em\u00a0\u00bb text_orientation=\u00a0\u00bbcenter\u00a0\u00bb custom_margin=\u00a0\u00bb||0px||false|false\u00a0\u00bb custom_margin_tablet=\u00a0\u00bb||0px||false|false\u00a0\u00bb custom_margin_phone=\u00a0\u00bb||10px||false|false\u00a0\u00bb custom_margin_last_edited=\u00a0\u00bbon|phone\u00a0\u00bb hover_enabled=\u00a0\u00bb0&Prime; text_font_size_tablet=\u00a0\u00bb17px\u00a0\u00bb text_font_size_phone=\u00a0\u00bb17px\u00a0\u00bb text_font_size_last_edited=\u00a0\u00bbon|desktop\u00a0\u00bb text_line_height_tablet=\u00a0\u00bb1.3em\u00a0\u00bb text_line_height_phone=\u00a0\u00bb1.3em\u00a0\u00bb text_line_height_last_edited=\u00a0\u00bbon|tablet\u00a0\u00bb header_font_size_tablet=\u00a0\u00bb34px\u00a0\u00bb header_font_size_phone=\u00a0\u00bb30px\u00a0\u00bb header_font_size_last_edited=\u00a0\u00bbon|desktop\u00a0\u00bb header_line_height_tablet=\u00a0\u00bb1.1em\u00a0\u00bb header_line_height_phone=\u00a0\u00bb1.1em\u00a0\u00bb header_line_height_last_edited=\u00a0\u00bbon|desktop\u00a0\u00bb text_orientation_tablet=\u00a0\u00bbcenter\u00a0\u00bb text_orientation_phone=\u00a0\u00bbleft\u00a0\u00bb text_orientation_last_edited=\u00a0\u00bbon|phone\u00a0\u00bb global_colors_info=\u00a0\u00bb{}\u00a0\u00bb theme_builder_area=\u00a0\u00bbpost_content\u00a0\u00bb sticky_enabled=\u00a0\u00bb0&Prime;]<\/p>\n<h2 style=\"text-align: left;\"><b>\u00c9DITEUR DU SITE<\/b><\/h2>\n<p class=\"p2\" style=\"text-align: left;\">\n<p class=\"p3\" style=\"text-align: left;\">Nom commercial : <span class=\"s2\"><b>Le Temps du Chat<\/b><b><\/b><\/span><\/p>\n<p class=\"p3\" style=\"text-align: left;\">Responsable de la publication : <span class=\"s2\"><b>Sarah Dekkar-Rampon<\/b><b><\/b><\/span><\/p>\n<p class=\"p3\" style=\"text-align: left;\">Statut juridique : <span class=\"s2\"><b>Micro-entrepreneur<\/b><b><\/b><\/span><\/p>\n<p class=\"p3\" style=\"text-align: left;\">Num\u00e9ro SIREN : <span class=\"s2\"><b>822 273 918<\/b><b><\/b><\/span><\/p>\n<p class=\"p4\" style=\"text-align: left;\"><span class=\"s3\">TVA : <\/span><b>TVA non applicable, article 293B du Code g\u00e9n\u00e9ral des imp\u00f4ts<\/b><b><\/b><\/p>\n<p class=\"p2\" style=\"text-align: left;\">\n<p class=\"p3\" style=\"text-align: left;\">Adresse : Baden (56870), France<\/p>\n<p class=\"p3\" style=\"text-align: left;\">T\u00e9l\u00e9phone : 06 23 99 48 30<\/p>\n<p class=\"p3\" style=\"text-align: left;\">Adresse e-mail : sarahchok@hotmail.fr<\/p>\n<h2 style=\"text-align: left;\"><b>H\u00c9BERGEMENT<\/b><\/h2>\n<p class=\"p2\" style=\"text-align: left;\">\n<p class=\"p3\" style=\"text-align: left;\">Le site est h\u00e9berg\u00e9 par :<\/p>\n<p class=\"p5\" style=\"text-align: left;\"><span class=\"s4\"><a href=\"chatgpt:\/\/generic-entity?number=0\"><b>OVH<\/b><b><\/b><\/a><\/span><\/p>\n<p class=\"p3\" style=\"text-align: left;\">SAS au capital de 10 174 560 \u20ac<\/p>\n<p class=\"p3\" style=\"text-align: left;\">RCS Lille M\u00e9tropole 424 761 419 00045<\/p>\n<p class=\"p3\" style=\"text-align: left;\">Code APE : 2620Z<\/p>\n<p class=\"p3\" style=\"text-align: left;\">Si\u00e8ge social :<\/p>\n<p class=\"p3\" style=\"text-align: left;\">2 rue Kellermann<\/p>\n<p class=\"p3\" style=\"text-align: left;\">59100 Roubaix \u2013 France<\/p>\n<p class=\"p3\" style=\"text-align: left;\">T\u00e9l\u00e9phone : 1007<\/p>\n<p class=\"p3\" style=\"text-align: left;\">Site web : www.ovh.com<\/p>\n<h2 style=\"text-align: left;\"><b>PROPRI\u00c9T\u00c9 INTELLECTUELLE<\/b><\/h2>\n<p class=\"p2\" style=\"text-align: left;\">\n<p class=\"p3\" style=\"text-align: left;\">L\u2019ensemble du contenu pr\u00e9sent sur le site <span class=\"s2\"><b>Le Temps du Chat<\/b><\/span> (textes, images, graphismes, logo, ic\u00f4nes, sons, vid\u00e9os, etc.) est la propri\u00e9t\u00e9 exclusive de l\u2019\u00e9diteur, sauf mentions contraires.<\/p>\n<p class=\"p2\" style=\"text-align: left;\">\n<p class=\"p3\" style=\"text-align: left;\">Toute reproduction, repr\u00e9sentation, modification, publication ou adaptation, totale ou partielle, de ces \u00e9l\u00e9ments, quel que soit le moyen ou le proc\u00e9d\u00e9 utilis\u00e9, est interdite sans autorisation \u00e9crite pr\u00e9alable.<\/p>\n<h2 style=\"text-align: left;\"><b>RESPONSABILIT\u00c9<\/b><\/h2>\n<p class=\"p2\" style=\"text-align: left;\">\n<p class=\"p3\" style=\"text-align: left;\">Les informations diffus\u00e9es sur le site <span class=\"s2\"><b>Le Temps du Chat<\/b><\/span> sont fournies \u00e0 titre informatif.<\/p>\n<p class=\"p3\" style=\"text-align: left;\">Malgr\u00e9 le soin apport\u00e9 \u00e0 leur r\u00e9daction, l\u2019\u00e9diteur ne saurait \u00eatre tenu responsable des omissions, inexactitudes ou carences dans la mise \u00e0 jour.<\/p>\n<p class=\"p2\" style=\"text-align: left;\">\n<p class=\"p3\" style=\"text-align: left;\">Les prestations propos\u00e9es ne se substituent en aucun cas \u00e0 un avis v\u00e9t\u00e9rinaire ou m\u00e9dical.<\/p>\n<h2 style=\"text-align: left;\"><b>DONN\u00c9ES PERSONNELLES<\/b><\/h2>\n<p class=\"p2\" style=\"text-align: left;\">\n<p class=\"p3\" style=\"text-align: left;\">Les donn\u00e9es personnelles collect\u00e9es via le site (formulaire de contact, e-mails) sont strictement n\u00e9cessaires au traitement des demandes et \u00e0 la r\u00e9alisation des prestations.<\/p>\n<p class=\"p2\" style=\"text-align: left;\">\n<p class=\"p3\" style=\"text-align: left;\">Conform\u00e9ment \u00e0 la r\u00e9glementation en vigueur, l\u2019utilisateur dispose d\u2019un droit d\u2019acc\u00e8s, de rectification et de suppression des donn\u00e9es le concernant, qu\u2019il peut exercer en adressant une demande \u00e0 :<\/p>\n<p class=\"p4\" style=\"text-align: left;\"><span class=\"s3\">\ud83d\udce7 <\/span><b>sarahchok@hotmail.fr<\/b><b><\/b><\/p>\n<p class=\"p2\" style=\"text-align: left;\">\n<p class=\"p3\" style=\"text-align: left;\">Aucune donn\u00e9e personnelle n\u2019est c\u00e9d\u00e9e ou vendue \u00e0 des tiers.<\/p>\n<h2 style=\"text-align: left;\"><b>COOKIES<\/b><\/h2>\n<p class=\"p2\" style=\"text-align: left;\">\n<p class=\"p3\" style=\"text-align: left;\">Le site <span class=\"s2\"><b>Le Temps du Chat<\/b><\/span> peut \u00eatre amen\u00e9 \u00e0 utiliser des cookies \u00e0 des fins de fonctionnement ou de mesure d\u2019audience.<\/p>\n<p class=\"p3\" style=\"text-align: left;\">L\u2019utilisateur peut refuser ou param\u00e9trer les cookies via les r\u00e9glages de son navigateur.<\/p>\n<p>[\/et_pb_text][\/et_pb_column][\/et_pb_row][\/et_pb_section]<\/p>\n","protected":false},"excerpt":{"rendered":"<p>mentions l\u00e9gales\u00c9DITEUR DU SITE Nom commercial : Le Temps du Chat Responsable de la publication : Sarah Dekkar-Rampon Statut juridique : Micro-entrepreneur Num\u00e9ro SIREN : 822 273 918 TVA : TVA non applicable, article 293B du Code g\u00e9n\u00e9ral des imp\u00f4ts Adresse : Baden (56870), France T\u00e9l\u00e9phone : 06 23 99 48 30 Adresse e-mail : [&hellip;]<\/p>\n","protected":false},"author":1,"featured_media":0,"parent":0,"menu_order":0,"comment_status":"closed","ping_status":"closed","template":"","meta":{"_et_pb_use_builder":"on","_et_pb_old_content":"","_et_gb_content_width":"","footnotes":""},"class_list":["post-4391111","page","type-page","status-publish","hentry"],"yoast_head":"<!-- This site is optimized with the Yoast SEO plugin v26.9 - https:\/\/yoast.com\/product\/yoast-seo-wordpress\/ -->\n<title>mentions l\u00e9gales - Le Temps du Chat - Petsitter \u00e0 Baden - Morbihan 56<\/title>\n<meta name=\"robots\" content=\"index, follow, max-snippet:-1, max-image-preview:large, max-video-preview:-1\" \/>\n<link rel=\"canonical\" href=\"https:\/\/letempsduchat.fr\/index.php\/mentions-legales\/\" \/>\n<meta property=\"og:locale\" content=\"fr_FR\" \/>\n<meta property=\"og:type\" content=\"article\" \/>\n<meta property=\"og:title\" content=\"mentions l\u00e9gales - Le Temps du Chat - Petsitter \u00e0 Baden - Morbihan 56\" \/>\n<meta property=\"og:description\" content=\"mentions l\u00e9gales\u00c9DITEUR DU SITE Nom commercial : Le Temps du Chat Responsable de la publication : Sarah Dekkar-Rampon Statut juridique : Micro-entrepreneur Num\u00e9ro SIREN : 822 273 918 TVA : TVA non applicable, article 293B du Code g\u00e9n\u00e9ral des imp\u00f4ts Adresse : Baden (56870), France T\u00e9l\u00e9phone : 06 23 99 48 30 Adresse e-mail : [&hellip;]\" \/>\n<meta property=\"og:url\" content=\"https:\/\/letempsduchat.fr\/index.php\/mentions-legales\/\" \/>\n<meta property=\"og:site_name\" content=\"Le Temps du Chat - Petsitter \u00e0 Baden - Morbihan 56\" \/>\n<meta property=\"article:modified_time\" content=\"2026-01-14T08:17:26+00:00\" \/>\n<meta property=\"og:image\" content=\"https:\/\/letempsduchat.fr\/wp-content\/uploads\/2025\/12\/Le-temps-du-chat.png\" \/>\n\t<meta property=\"og:image:width\" content=\"1080\" \/>\n\t<meta property=\"og:image:height\" content=\"1080\" \/>\n\t<meta property=\"og:image:type\" content=\"image\/png\" \/>\n<meta name=\"twitter:card\" content=\"summary_large_image\" \/>\n<script type=\"application\/ld+json\" class=\"yoast-schema-graph\">{\"@context\":\"https:\/\/schema.org\",\"@graph\":[{\"@type\":\"WebPage\",\"@id\":\"https:\/\/letempsduchat.fr\/index.php\/mentions-legales\/\",\"url\":\"https:\/\/letempsduchat.fr\/index.php\/mentions-legales\/\",\"name\":\"mentions l\u00e9gales - Le Temps du Chat - Petsitter \u00e0 Baden - Morbihan 56\",\"isPartOf\":{\"@id\":\"https:\/\/letempsduchat.fr\/#website\"},\"datePublished\":\"2026-01-14T08:17:18+00:00\",\"dateModified\":\"2026-01-14T08:17:26+00:00\",\"breadcrumb\":{\"@id\":\"https:\/\/letempsduchat.fr\/index.php\/mentions-legales\/#breadcrumb\"},\"inLanguage\":\"fr-FR\",\"potentialAction\":[{\"@type\":\"ReadAction\",\"target\":[\"https:\/\/letempsduchat.fr\/index.php\/mentions-legales\/\"]}]},{\"@type\":\"BreadcrumbList\",\"@id\":\"https:\/\/letempsduchat.fr\/index.php\/mentions-legales\/#breadcrumb\",\"itemListElement\":[{\"@type\":\"ListItem\",\"position\":1,\"name\":\"Home\",\"item\":\"https:\/\/letempsduchat.fr\/\"},{\"@type\":\"ListItem\",\"position\":2,\"name\":\"mentions l\u00e9gales\"}]},{\"@type\":\"WebSite\",\"@id\":\"https:\/\/letempsduchat.fr\/#website\",\"url\":\"https:\/\/letempsduchat.fr\/\",\"name\":\"Le temps du chat - garde chat morbihan\",\"description\":\"\",\"alternateName\":\"garde chat 56\",\"potentialAction\":[{\"@type\":\"SearchAction\",\"target\":{\"@type\":\"EntryPoint\",\"urlTemplate\":\"https:\/\/letempsduchat.fr\/?s={search_term_string}\"},\"query-input\":{\"@type\":\"PropertyValueSpecification\",\"valueRequired\":true,\"valueName\":\"search_term_string\"}}],\"inLanguage\":\"fr-FR\"}]}<\/script>\n<!-- \/ Yoast SEO plugin. -->","yoast_head_json":{"title":"mentions l\u00e9gales - Le Temps du Chat - Petsitter \u00e0 Baden - Morbihan 56","robots":{"index":"index","follow":"follow","max-snippet":"max-snippet:-1","max-image-preview":"max-image-preview:large","max-video-preview":"max-video-preview:-1"},"canonical":"https:\/\/letempsduchat.fr\/index.php\/mentions-legales\/","og_locale":"fr_FR","og_type":"article","og_title":"mentions l\u00e9gales - Le Temps du Chat - Petsitter \u00e0 Baden - Morbihan 56","og_description":"mentions l\u00e9gales\u00c9DITEUR DU SITE Nom commercial : Le Temps du Chat Responsable de la publication : Sarah Dekkar-Rampon Statut juridique : Micro-entrepreneur Num\u00e9ro SIREN : 822 273 918 TVA : TVA non applicable, article 293B du Code g\u00e9n\u00e9ral des imp\u00f4ts Adresse : Baden (56870), France T\u00e9l\u00e9phone : 06 23 99 48 30 Adresse e-mail : [&hellip;]","og_url":"https:\/\/letempsduchat.fr\/index.php\/mentions-legales\/","og_site_name":"Le Temps du Chat - Petsitter \u00e0 Baden - Morbihan 56","article_modified_time":"2026-01-14T08:17:26+00:00","og_image":[{"width":1080,"height":1080,"url":"https:\/\/letempsduchat.fr\/wp-content\/uploads\/2025\/12\/Le-temps-du-chat.png","type":"image\/png"}],"twitter_card":"summary_large_image","schema":{"@context":"https:\/\/schema.org","@graph":[{"@type":"WebPage","@id":"https:\/\/letempsduchat.fr\/index.php\/mentions-legales\/","url":"https:\/\/letempsduchat.fr\/index.php\/mentions-legales\/","name":"mentions l\u00e9gales - Le Temps du Chat - Petsitter \u00e0 Baden - Morbihan 56","isPartOf":{"@id":"https:\/\/letempsduchat.fr\/#website"},"datePublished":"2026-01-14T08:17:18+00:00","dateModified":"2026-01-14T08:17:26+00:00","breadcrumb":{"@id":"https:\/\/letempsduchat.fr\/index.php\/mentions-legales\/#breadcrumb"},"inLanguage":"fr-FR","potentialAction":[{"@type":"ReadAction","target":["https:\/\/letempsduchat.fr\/index.php\/mentions-legales\/"]}]},{"@type":"BreadcrumbList","@id":"https:\/\/letempsduchat.fr\/index.php\/mentions-legales\/#breadcrumb","itemListElement":[{"@type":"ListItem","position":1,"name":"Home","item":"https:\/\/letempsduchat.fr\/"},{"@type":"ListItem","position":2,"name":"mentions l\u00e9gales"}]},{"@type":"WebSite","@id":"https:\/\/letempsduchat.fr\/#website","url":"https:\/\/letempsduchat.fr\/","name":"Le temps du chat - garde chat morbihan","description":"","alternateName":"garde chat 56","potentialAction":[{"@type":"SearchAction","target":{"@type":"EntryPoint","urlTemplate":"https:\/\/letempsduchat.fr\/?s={search_term_string}"},"query-input":{"@type":"PropertyValueSpecification","valueRequired":true,"valueName":"search_term_string"}}],"inLanguage":"fr-FR"}]}},"_links":{"self":[{"href":"https:\/\/letempsduchat.fr\/index.php\/wp-json\/wp\/v2\/pages\/4391111","targetHints":{"allow":["GET"]}}],"collection":[{"href":"https:\/\/letempsduchat.fr\/index.php\/wp-json\/wp\/v2\/pages"}],"about":[{"href":"https:\/\/letempsduchat.fr\/index.php\/wp-json\/wp\/v2\/types\/page"}],"author":[{"embeddable":true,"href":"https:\/\/letempsduchat.fr\/index.php\/wp-json\/wp\/v2\/users\/1"}],"replies":[{"embeddable":true,"href":"https:\/\/letempsduchat.fr\/index.php\/wp-json\/wp\/v2\/comments?post=4391111"}],"version-history":[{"count":2,"href":"https:\/\/letempsduchat.fr\/index.php\/wp-json\/wp\/v2\/pages\/4391111\/revisions"}],"predecessor-version":[{"id":4391114,"href":"https:\/\/letempsduchat.fr\/index.php\/wp-json\/wp\/v2\/pages\/4391111\/revisions\/4391114"}],"wp:attachment":[{"href":"https:\/\/letempsduchat.fr\/index.php\/wp-json\/wp\/v2\/media?parent=4391111"}],"curies":[{"name":"wp","href":"https:\/\/api.w.org\/{rel}","templated":true}]}}