{"id":4391108,"date":"2026-01-14T08:15:34","date_gmt":"2026-01-14T08:15:34","guid":{"rendered":"https:\/\/letempsduchat.fr\/?page_id=4391108"},"modified":"2026-01-14T08:18:50","modified_gmt":"2026-01-14T08:18:50","slug":"cgv","status":"publish","type":"page","link":"https:\/\/letempsduchat.fr\/index.php\/cgv\/","title":{"rendered":"CGV"},"content":{"rendered":"<p>[et_pb_section fb_built=\u00a0\u00bb1&Prime; admin_label=\u00a0\u00bbHeader\u00a0\u00bb _builder_version=\u00a0\u00bb4.27.5&Prime; _module_preset=\u00a0\u00bbdefault\u00a0\u00bb background_color=\u00a0\u00bb#000000&Prime; use_background_color_gradient=\u00a0\u00bbon\u00a0\u00bb background_color_gradient_stops=\u00a0\u00bbrgba(0,0,0,0.73) 0%|rgba(10,0,0,0.55) 100%\u00a0\u00bb background_color_gradient_overlays_image=\u00a0\u00bbon\u00a0\u00bb background_image=\u00a0\u00bbhttp:\/\/letempsduchat.fr\/wp-content\/uploads\/2026\/01\/20221204_155932-scaled.jpg\u00a0\u00bb background_position=\u00a0\u00bbtop_center\u00a0\u00bb background_vertical_offset=\u00a0\u00bb25%\u00a0\u00bb overflow-x=\u00a0\u00bbhidden\u00a0\u00bb overflow-y=\u00a0\u00bbhidden\u00a0\u00bb global_colors_info=\u00a0\u00bb{}\u00a0\u00bb][et_pb_row _builder_version=\u00a0\u00bb4.16&Prime; _module_preset=\u00a0\u00bbdefault\u00a0\u00bb global_colors_info=\u00a0\u00bb{}\u00a0\u00bb][et_pb_column type=\u00a0\u00bb4_4&Prime; _builder_version=\u00a0\u00bb4.16&Prime; _module_preset=\u00a0\u00bbdefault\u00a0\u00bb custom_padding=\u00a0\u00bb10vw||10vw||true|false\u00a0\u00bb global_colors_info=\u00a0\u00bb{}\u00a0\u00bb][et_pb_text _builder_version=\u00a0\u00bb4.27.5&Prime; _module_preset=\u00a0\u00bbdefault\u00a0\u00bb header_font=\u00a0\u00bbPatua One||||||||\u00a0\u00bb header_text_color=\u00a0\u00bb#FFFFFF\u00a0\u00bb header_font_size=\u00a0\u00bb80px\u00a0\u00bb header_line_height=\u00a0\u00bb1.2em\u00a0\u00bb text_orientation=\u00a0\u00bbcenter\u00a0\u00bb header_font_size_tablet=\u00a0\u00bb48px\u00a0\u00bb header_font_size_phone=\u00a0\u00bb32px\u00a0\u00bb header_font_size_last_edited=\u00a0\u00bbon|phone\u00a0\u00bb locked=\u00a0\u00bboff\u00a0\u00bb global_colors_info=\u00a0\u00bb{}\u00a0\u00bb]<\/p>\n<h1>CGV<\/h1>\n<p>[\/et_pb_text][\/et_pb_column][\/et_pb_row][\/et_pb_section][et_pb_section fb_built=\u00a0\u00bb1&Prime; admin_label=\u00a0\u00bbServices\u00a0\u00bb _builder_version=\u00a0\u00bb4.16&Prime; _module_preset=\u00a0\u00bbdefault\u00a0\u00bb background_enable_color=\u00a0\u00bboff\u00a0\u00bb custom_padding=\u00a0\u00bb||0px|||\u00a0\u00bb locked=\u00a0\u00bboff\u00a0\u00bb global_colors_info=\u00a0\u00bb{}\u00a0\u00bb][et_pb_row _builder_version=\u00a0\u00bb4.16&Prime; _module_preset=\u00a0\u00bbdefault\u00a0\u00bb global_colors_info=\u00a0\u00bb{}\u00a0\u00bb][et_pb_column type=\u00a0\u00bb4_4&Prime; _builder_version=\u00a0\u00bb4.16&Prime; _module_preset=\u00a0\u00bbdefault\u00a0\u00bb global_colors_info=\u00a0\u00bb{}\u00a0\u00bb][et_pb_text _builder_version=\u00a0\u00bb4.27.5&Prime; _module_preset=\u00a0\u00bbdefault\u00a0\u00bb text_font=\u00a0\u00bb&#8211;et_global_body_font||||||||\u00a0\u00bb header_font=\u00a0\u00bbPatua One|700|||||||\u00a0\u00bb header_text_color=\u00a0\u00bbrgba(229,0,118,0.24)\u00a0\u00bb header_line_height=\u00a0\u00bb1.2em\u00a0\u00bb text_orientation=\u00a0\u00bbcenter\u00a0\u00bb custom_margin=\u00a0\u00bb||0px||false|false\u00a0\u00bb custom_margin_tablet=\u00a0\u00bb||0px||false|false\u00a0\u00bb custom_margin_phone=\u00a0\u00bb||10px||false|false\u00a0\u00bb custom_margin_last_edited=\u00a0\u00bbon|phone\u00a0\u00bb text_font_size_tablet=\u00a0\u00bb17px\u00a0\u00bb text_font_size_phone=\u00a0\u00bb17px\u00a0\u00bb text_font_size_last_edited=\u00a0\u00bbon|desktop\u00a0\u00bb text_line_height_tablet=\u00a0\u00bb1.3em\u00a0\u00bb text_line_height_phone=\u00a0\u00bb1.3em\u00a0\u00bb text_line_height_last_edited=\u00a0\u00bbon|tablet\u00a0\u00bb header_font_size_tablet=\u00a0\u00bb34px\u00a0\u00bb header_font_size_phone=\u00a0\u00bb30px\u00a0\u00bb header_font_size_last_edited=\u00a0\u00bbon|desktop\u00a0\u00bb header_line_height_tablet=\u00a0\u00bb1.1em\u00a0\u00bb header_line_height_phone=\u00a0\u00bb1.1em\u00a0\u00bb header_line_height_last_edited=\u00a0\u00bbon|desktop\u00a0\u00bb text_orientation_tablet=\u00a0\u00bbcenter\u00a0\u00bb text_orientation_phone=\u00a0\u00bbleft\u00a0\u00bb text_orientation_last_edited=\u00a0\u00bbon|phone\u00a0\u00bb global_colors_info=\u00a0\u00bb{}\u00a0\u00bb]<\/p>\n<h2 style=\"text-align: left;\"><b>PR\u00c9AMBULE<\/b><\/h2>\n<p class=\"p3\" style=\"text-align: left;\">Les pr\u00e9sentes Conditions G\u00e9n\u00e9rales de Vente (ci-apr\u00e8s \u00ab CGV \u00bb) r\u00e9gissent l\u2019ensemble des prestations de services propos\u00e9es par <span class=\"s2\"><b>Le Temps du Chat<\/b><\/span>, entreprise exploit\u00e9e sous le statut de <span class=\"s2\"><b>micro-entrepreneur<\/b><\/span>, aupr\u00e8s de ses clients (ci-apr\u00e8s \u00ab le Client \u00bb).<\/p>\n<p class=\"p3\" style=\"text-align: left;\">Toute r\u00e9servation ou commande d\u2019une prestation implique l\u2019acceptation pleine et enti\u00e8re des pr\u00e9sentes CGV, sans r\u00e9serve.<\/p>\n<h2 style=\"text-align: left;\"><b>ARTICLE 1 \u2013 IDENTIT\u00c9 DU PRESTATAIRE<\/b><\/h2>\n<p class=\"p3\" style=\"text-align: left;\">Nom commercial : <span class=\"s2\"><b>Le Temps du Chat<\/b><b><\/b><\/span><\/p>\n<p class=\"p4\" style=\"text-align: left;\"><span class=\"s3\">Responsable : <\/span><b>Sarah Dekkar-Rampon<\/b><b><\/b><\/p>\n<p class=\"p3\" style=\"text-align: left;\">Statut juridique : <span class=\"s2\"><b>Micro-entrepreneur<\/b><b><\/b><\/span><\/p>\n<p class=\"p3\" style=\"text-align: left;\">Num\u00e9ro SIREN : <span class=\"s2\"><b>822 273 918<\/b><b><\/b><\/span><\/p>\n<p class=\"p4\" style=\"text-align: left;\"><span class=\"s3\">TVA : <\/span><b>TVA non applicable, article 293B du CGI<\/b><b><\/b><\/p>\n<p class=\"p3\" style=\"text-align: left;\">Adresse : Baden (56870), France<\/p>\n<p class=\"p3\" style=\"text-align: left;\">T\u00e9l\u00e9phone : 06 23 99 48 30<\/p>\n<p class=\"p3\" style=\"text-align: left;\">Adresse e-mail : sarahchok@hotmail.fr<\/p>\n<h2 style=\"text-align: left;\"><b>ARTICLE 2 \u2013 NATURE DES PRESTATIONS<\/b><\/h2>\n<p class=\"p3\" style=\"text-align: left;\">Le Temps du Chat propose notamment les prestations suivantes :<\/p>\n<ul style=\"text-align: left;\">\n<li>\n<p class=\"p1\">Garde de chats et de chiens \u00e0 domicile<\/p>\n<\/li>\n<li>\n<p class=\"p1\">Promenades pour chiens<\/p>\n<\/li>\n<li>\n<p class=\"p1\">Communication animale<\/p>\n<\/li>\n<li>\n<p class=\"p1\">Conseils en comportement animal<\/p>\n<\/li>\n<li>\n<p class=\"p1\">Soins \u00e9nerg\u00e9tiques<\/p>\n<\/li>\n<li>\n<p class=\"p1\">Ateliers et stages li\u00e9s au bien-\u00eatre animal<\/p>\n<\/li>\n<\/ul>\n<p class=\"p3\" style=\"text-align: left;\">Les caract\u00e9ristiques essentielles de chaque prestation sont communiqu\u00e9es au Client avant toute r\u00e9servation.<\/p>\n<h2 style=\"text-align: left;\"><b>ARTICLE 3 \u2013 MODALIT\u00c9S DE R\u00c9SERVATION<\/b><\/h2>\n<p class=\"p3\" style=\"text-align: left;\">La r\u00e9servation d\u2019une prestation s\u2019effectue par :<\/p>\n<ul style=\"text-align: left;\">\n<li>\n<p class=\"p1\">Contact t\u00e9l\u00e9phonique ou par e-mail<\/p>\n<\/li>\n<li>\n<p class=\"p1\">Formulaire de contact en ligne<\/p>\n<\/li>\n<li>\n<p class=\"p1\">Acceptation d\u2019un devis transmis par le Prestataire<\/p>\n<\/li>\n<\/ul>\n<p class=\"p3\" style=\"text-align: left;\">La r\u00e9servation est consid\u00e9r\u00e9e comme d\u00e9finitive apr\u00e8s validation \u00e9crite du Client et, le cas \u00e9ch\u00e9ant, versement d\u2019un acompte.<\/p>\n<h2 style=\"text-align: left;\"><b>ARTICLE 4 \u2013 TARIFS<\/b><\/h2>\n<p class=\"p3\" style=\"text-align: left;\">Les prix sont exprim\u00e9s en <span class=\"s2\"><b>euros (\u20ac)<\/b><\/span>.<\/p>\n<p class=\"p3\" style=\"text-align: left;\">Conform\u00e9ment au statut de micro-entrepreneur, <span class=\"s2\"><b>la TVA n\u2019est pas applicable<\/b><\/span> (article 293B du CGI).<\/p>\n<p class=\"p3\" style=\"text-align: left;\">Les tarifs correspondent exclusivement aux prestations d\u00e9crites lors de la r\u00e9servation ou sur le devis.<\/p>\n<p class=\"p3\" style=\"text-align: left;\">Le Prestataire se r\u00e9serve le droit de modifier ses tarifs \u00e0 tout moment, sans effet r\u00e9troactif sur les prestations d\u00e9j\u00e0 r\u00e9serv\u00e9es.<\/p>\n<h2 style=\"text-align: left;\"><b>ARTICLE 5 \u2013 MODALIT\u00c9S DE PAIEMENT<\/b><\/h2>\n<p class=\"p3\" style=\"text-align: left;\">Le r\u00e8glement des prestations s\u2019effectue par :<\/p>\n<ul style=\"text-align: left;\">\n<li>\n<p class=\"p1\">Virement bancaire<\/p>\n<\/li>\n<li>\n<p class=\"p1\">Ch\u00e8que<\/p>\n<\/li>\n<li>\n<p class=\"p1\">Esp\u00e8ces<\/p>\n<\/li>\n<\/ul>\n<p class=\"p3\" style=\"text-align: left;\">Un acompte peut \u00eatre demand\u00e9 lors de la r\u00e9servation.<\/p>\n<p class=\"p3\" style=\"text-align: left;\">Le solde est d\u00fb selon les modalit\u00e9s pr\u00e9cis\u00e9es lors de la commande, et au plus tard \u00e0 la r\u00e9alisation de la prestation.<\/p>\n<p class=\"p3\" style=\"text-align: left;\">Tout retard de paiement pourra entra\u00eener des p\u00e9nalit\u00e9s conform\u00e9ment \u00e0 la r\u00e9glementation en vigueur.<\/p>\n<h2 style=\"text-align: left;\"><b>ARTICLE 6 \u2013 ANNULATION ET REPORT<\/b><\/h2>\n<h3 style=\"text-align: left;\"><b>6.1 Annulation par le Client<\/b><\/h3>\n<ul style=\"text-align: left;\">\n<li>\n<p class=\"p1\">Annulation plus de 7 jours avant la date pr\u00e9vue : remboursement de l\u2019acompte.<\/p>\n<\/li>\n<li>\n<p class=\"p1\">Annulation \u00e0 moins de 7 jours : l\u2019acompte reste acquis au Prestataire.<\/p>\n<\/li>\n<li>\n<p class=\"p1\">Toute prestation commenc\u00e9e est due dans son int\u00e9gralit\u00e9.<\/p>\n<\/li>\n<\/ul>\n<h3 style=\"text-align: left;\"><b>6.2 Annulation par le Prestataire<\/b><\/h3>\n<p class=\"p3\" style=\"text-align: left;\">En cas d\u2019emp\u00eachement exceptionnel (maladie, force majeure, impr\u00e9vu s\u00e9rieux), le Prestataire s\u2019engage \u00e0 proposer une date de report ou, \u00e0 d\u00e9faut, \u00e0 rembourser les sommes vers\u00e9es.<\/p>\n<h2 style=\"text-align: left;\"><b>ARTICLE 7 \u2013 OBLIGATIONS DU CLIENT<\/b><\/h2>\n<p class=\"p3\" style=\"text-align: left;\">Le Client s\u2019engage \u00e0 :<\/p>\n<ul style=\"text-align: left;\">\n<li>\n<p class=\"p1\">Fournir des informations exactes et compl\u00e8tes concernant l\u2019animal (sant\u00e9, comportement, besoins sp\u00e9cifiques)<\/p>\n<\/li>\n<li>\n<p class=\"p1\">Garantir un environnement s\u00e9curis\u00e9 permettant la r\u00e9alisation de la prestation<\/p>\n<\/li>\n<li>\n<p class=\"p1\">Informer le Prestataire de toute modification susceptible d\u2019affecter la prestation<\/p>\n<\/li>\n<\/ul>\n<p class=\"p3\" style=\"text-align: left;\">Le Prestataire se r\u00e9serve le droit de refuser ou d\u2019interrompre une prestation si les conditions de s\u00e9curit\u00e9 ou de bien-\u00eatre ne sont pas r\u00e9unies.<\/p>\n<h2 style=\"text-align: left;\"><b>ARTICLE 8 \u2013 RESPONSABILIT\u00c9<\/b><\/h2>\n<p class=\"p3\" style=\"text-align: left;\">Le Prestataire s\u2019engage \u00e0 ex\u00e9cuter ses prestations avec s\u00e9rieux et professionnalisme.<\/p>\n<p class=\"p3\" style=\"text-align: left;\">Sa responsabilit\u00e9 ne saurait \u00eatre engag\u00e9e en cas de comportement impr\u00e9visible de l\u2019animal, de force majeure ou de manquement du Client \u00e0 ses obligations.<\/p>\n<h2 style=\"text-align: left;\"><b>ARTICLE 9 \u2013 DROIT DE R\u00c9TRACTATION<\/b><\/h2>\n<p class=\"p3\" style=\"text-align: left;\">Conform\u00e9ment \u00e0 l\u2019article L221-28 du Code de la consommation, le droit de r\u00e9tractation ne s\u2019applique pas aux prestations pleinement ex\u00e9cut\u00e9es avant la fin du d\u00e9lai l\u00e9gal.<\/p>\n<p class=\"p3\" style=\"text-align: left;\">Pour les ateliers ou stages programm\u00e9s \u00e0 une date ult\u00e9rieure, les conditions d\u2019annulation sp\u00e9cifiques sont pr\u00e9cis\u00e9es lors de l\u2019inscription.<\/p>\n<h2 style=\"text-align: left;\"><b>ARTICLE 10 \u2013 DONN\u00c9ES PERSONNELLES<\/b><\/h2>\n<p class=\"p3\" style=\"text-align: left;\">Les donn\u00e9es personnelles collect\u00e9es sont strictement n\u00e9cessaires \u00e0 l\u2019ex\u00e9cution des prestations.<\/p>\n<p class=\"p3\" style=\"text-align: left;\">Elles sont confidentielles et ne sont en aucun cas c\u00e9d\u00e9es ou vendues \u00e0 des tiers.<\/p>\n<h2 style=\"text-align: left;\"><b>ARTICLE 11 \u2013 DROIT APPLICABLE ET LITIGES<\/b><\/h2>\n<p class=\"p3\" style=\"text-align: left;\">Les pr\u00e9sentes CGV sont soumises au droit fran\u00e7ais.<\/p>\n<p class=\"p3\" style=\"text-align: left;\">En cas de litige, une solution amiable sera recherch\u00e9e en priorit\u00e9.<\/p>\n<p class=\"p3\" style=\"text-align: left;\">\u00c0 d\u00e9faut, les tribunaux comp\u00e9tents seront ceux du ressort du domicile du Prestataire.<\/p>\n<p>[\/et_pb_text][\/et_pb_column][\/et_pb_row][\/et_pb_section]<\/p>\n","protected":false},"excerpt":{"rendered":"<p>CGVPR\u00c9AMBULE Les pr\u00e9sentes Conditions G\u00e9n\u00e9rales de Vente (ci-apr\u00e8s \u00ab CGV \u00bb) r\u00e9gissent l\u2019ensemble des prestations de services propos\u00e9es par Le Temps du Chat, entreprise exploit\u00e9e sous le statut de micro-entrepreneur, aupr\u00e8s de ses clients (ci-apr\u00e8s \u00ab le Client \u00bb). Toute r\u00e9servation ou commande d\u2019une prestation implique l\u2019acceptation pleine et enti\u00e8re des pr\u00e9sentes CGV, sans r\u00e9serve. [&hellip;]<\/p>\n","protected":false},"author":1,"featured_media":0,"parent":0,"menu_order":0,"comment_status":"closed","ping_status":"closed","template":"","meta":{"_et_pb_use_builder":"on","_et_pb_old_content":"","_et_gb_content_width":"","footnotes":""},"class_list":["post-4391108","page","type-page","status-publish","hentry"],"yoast_head":"<!-- This site is optimized with the Yoast SEO plugin v26.9 - https:\/\/yoast.com\/product\/yoast-seo-wordpress\/ -->\n<title>CGV - Le Temps du Chat - Petsitter \u00e0 Baden - Morbihan 56<\/title>\n<meta name=\"robots\" content=\"index, follow, max-snippet:-1, max-image-preview:large, max-video-preview:-1\" \/>\n<link rel=\"canonical\" href=\"https:\/\/letempsduchat.fr\/index.php\/cgv\/\" \/>\n<meta property=\"og:locale\" content=\"fr_FR\" \/>\n<meta property=\"og:type\" content=\"article\" \/>\n<meta property=\"og:title\" content=\"CGV - Le Temps du Chat - Petsitter \u00e0 Baden - Morbihan 56\" \/>\n<meta property=\"og:description\" content=\"CGVPR\u00c9AMBULE Les pr\u00e9sentes Conditions G\u00e9n\u00e9rales de Vente (ci-apr\u00e8s \u00ab CGV \u00bb) r\u00e9gissent l\u2019ensemble des prestations de services propos\u00e9es par Le Temps du Chat, entreprise exploit\u00e9e sous le statut de micro-entrepreneur, aupr\u00e8s de ses clients (ci-apr\u00e8s \u00ab le Client \u00bb). Toute r\u00e9servation ou commande d\u2019une prestation implique l\u2019acceptation pleine et enti\u00e8re des pr\u00e9sentes CGV, sans r\u00e9serve. [&hellip;]\" \/>\n<meta property=\"og:url\" content=\"https:\/\/letempsduchat.fr\/index.php\/cgv\/\" \/>\n<meta property=\"og:site_name\" content=\"Le Temps du Chat - Petsitter \u00e0 Baden - Morbihan 56\" \/>\n<meta property=\"article:modified_time\" content=\"2026-01-14T08:18:50+00:00\" \/>\n<meta property=\"og:image\" content=\"https:\/\/letempsduchat.fr\/wp-content\/uploads\/2025\/12\/Le-temps-du-chat.png\" \/>\n\t<meta property=\"og:image:width\" content=\"1080\" \/>\n\t<meta property=\"og:image:height\" content=\"1080\" \/>\n\t<meta property=\"og:image:type\" content=\"image\/png\" \/>\n<meta name=\"twitter:card\" content=\"summary_large_image\" \/>\n<script type=\"application\/ld+json\" class=\"yoast-schema-graph\">{\"@context\":\"https:\/\/schema.org\",\"@graph\":[{\"@type\":\"WebPage\",\"@id\":\"https:\/\/letempsduchat.fr\/index.php\/cgv\/\",\"url\":\"https:\/\/letempsduchat.fr\/index.php\/cgv\/\",\"name\":\"CGV - Le Temps du Chat - Petsitter \u00e0 Baden - Morbihan 56\",\"isPartOf\":{\"@id\":\"https:\/\/letempsduchat.fr\/#website\"},\"datePublished\":\"2026-01-14T08:15:34+00:00\",\"dateModified\":\"2026-01-14T08:18:50+00:00\",\"breadcrumb\":{\"@id\":\"https:\/\/letempsduchat.fr\/index.php\/cgv\/#breadcrumb\"},\"inLanguage\":\"fr-FR\",\"potentialAction\":[{\"@type\":\"ReadAction\",\"target\":[\"https:\/\/letempsduchat.fr\/index.php\/cgv\/\"]}]},{\"@type\":\"BreadcrumbList\",\"@id\":\"https:\/\/letempsduchat.fr\/index.php\/cgv\/#breadcrumb\",\"itemListElement\":[{\"@type\":\"ListItem\",\"position\":1,\"name\":\"Home\",\"item\":\"https:\/\/letempsduchat.fr\/\"},{\"@type\":\"ListItem\",\"position\":2,\"name\":\"CGV\"}]},{\"@type\":\"WebSite\",\"@id\":\"https:\/\/letempsduchat.fr\/#website\",\"url\":\"https:\/\/letempsduchat.fr\/\",\"name\":\"Le temps du chat - garde chat morbihan\",\"description\":\"\",\"alternateName\":\"garde chat 56\",\"potentialAction\":[{\"@type\":\"SearchAction\",\"target\":{\"@type\":\"EntryPoint\",\"urlTemplate\":\"https:\/\/letempsduchat.fr\/?s={search_term_string}\"},\"query-input\":{\"@type\":\"PropertyValueSpecification\",\"valueRequired\":true,\"valueName\":\"search_term_string\"}}],\"inLanguage\":\"fr-FR\"}]}<\/script>\n<!-- \/ Yoast SEO plugin. -->","yoast_head_json":{"title":"CGV - Le Temps du Chat - Petsitter \u00e0 Baden - Morbihan 56","robots":{"index":"index","follow":"follow","max-snippet":"max-snippet:-1","max-image-preview":"max-image-preview:large","max-video-preview":"max-video-preview:-1"},"canonical":"https:\/\/letempsduchat.fr\/index.php\/cgv\/","og_locale":"fr_FR","og_type":"article","og_title":"CGV - Le Temps du Chat - Petsitter \u00e0 Baden - Morbihan 56","og_description":"CGVPR\u00c9AMBULE Les pr\u00e9sentes Conditions G\u00e9n\u00e9rales de Vente (ci-apr\u00e8s \u00ab CGV \u00bb) r\u00e9gissent l\u2019ensemble des prestations de services propos\u00e9es par Le Temps du Chat, entreprise exploit\u00e9e sous le statut de micro-entrepreneur, aupr\u00e8s de ses clients (ci-apr\u00e8s \u00ab le Client \u00bb). Toute r\u00e9servation ou commande d\u2019une prestation implique l\u2019acceptation pleine et enti\u00e8re des pr\u00e9sentes CGV, sans r\u00e9serve. [&hellip;]","og_url":"https:\/\/letempsduchat.fr\/index.php\/cgv\/","og_site_name":"Le Temps du Chat - Petsitter \u00e0 Baden - Morbihan 56","article_modified_time":"2026-01-14T08:18:50+00:00","og_image":[{"width":1080,"height":1080,"url":"https:\/\/letempsduchat.fr\/wp-content\/uploads\/2025\/12\/Le-temps-du-chat.png","type":"image\/png"}],"twitter_card":"summary_large_image","schema":{"@context":"https:\/\/schema.org","@graph":[{"@type":"WebPage","@id":"https:\/\/letempsduchat.fr\/index.php\/cgv\/","url":"https:\/\/letempsduchat.fr\/index.php\/cgv\/","name":"CGV - Le Temps du Chat - Petsitter \u00e0 Baden - Morbihan 56","isPartOf":{"@id":"https:\/\/letempsduchat.fr\/#website"},"datePublished":"2026-01-14T08:15:34+00:00","dateModified":"2026-01-14T08:18:50+00:00","breadcrumb":{"@id":"https:\/\/letempsduchat.fr\/index.php\/cgv\/#breadcrumb"},"inLanguage":"fr-FR","potentialAction":[{"@type":"ReadAction","target":["https:\/\/letempsduchat.fr\/index.php\/cgv\/"]}]},{"@type":"BreadcrumbList","@id":"https:\/\/letempsduchat.fr\/index.php\/cgv\/#breadcrumb","itemListElement":[{"@type":"ListItem","position":1,"name":"Home","item":"https:\/\/letempsduchat.fr\/"},{"@type":"ListItem","position":2,"name":"CGV"}]},{"@type":"WebSite","@id":"https:\/\/letempsduchat.fr\/#website","url":"https:\/\/letempsduchat.fr\/","name":"Le temps du chat - garde chat morbihan","description":"","alternateName":"garde chat 56","potentialAction":[{"@type":"SearchAction","target":{"@type":"EntryPoint","urlTemplate":"https:\/\/letempsduchat.fr\/?s={search_term_string}"},"query-input":{"@type":"PropertyValueSpecification","valueRequired":true,"valueName":"search_term_string"}}],"inLanguage":"fr-FR"}]}},"_links":{"self":[{"href":"https:\/\/letempsduchat.fr\/index.php\/wp-json\/wp\/v2\/pages\/4391108","targetHints":{"allow":["GET"]}}],"collection":[{"href":"https:\/\/letempsduchat.fr\/index.php\/wp-json\/wp\/v2\/pages"}],"about":[{"href":"https:\/\/letempsduchat.fr\/index.php\/wp-json\/wp\/v2\/types\/page"}],"author":[{"embeddable":true,"href":"https:\/\/letempsduchat.fr\/index.php\/wp-json\/wp\/v2\/users\/1"}],"replies":[{"embeddable":true,"href":"https:\/\/letempsduchat.fr\/index.php\/wp-json\/wp\/v2\/comments?post=4391108"}],"version-history":[{"count":3,"href":"https:\/\/letempsduchat.fr\/index.php\/wp-json\/wp\/v2\/pages\/4391108\/revisions"}],"predecessor-version":[{"id":4391116,"href":"https:\/\/letempsduchat.fr\/index.php\/wp-json\/wp\/v2\/pages\/4391108\/revisions\/4391116"}],"wp:attachment":[{"href":"https:\/\/letempsduchat.fr\/index.php\/wp-json\/wp\/v2\/media?parent=4391108"}],"curies":[{"name":"wp","href":"https:\/\/api.w.org\/{rel}","templated":true}]}}